{"id":8,"date":"2016-03-16T11:27:27","date_gmt":"2016-03-16T10:27:27","guid":{"rendered":"https:\/\/clubhelvetique.ch\/?page_id=8"},"modified":"2025-12-11T07:54:18","modified_gmt":"2025-12-11T06:54:18","slug":"ueber-uns","status":"publish","type":"page","link":"https:\/\/clubhelvetique.ch\/it\/ueber-uns\/","title":{"rendered":"Chi siamo?"},"content":{"rendered":"<strong>Il Club Helv\u00e9tique ha dieci anni \u2013 <\/strong><strong>i primi tempi del secondo Club Helv\u00e9tique.<\/strong><\/p>\n<p>Il \u201cClub Helv\u00e9tique\u201d ha compiuto i dieci anni nel 2016. E\u2019 nato dopo una lunga gestazione.<\/p>\n<p><strong>Chi fa parte del Club Helv\u00e9tique?<\/strong><\/p>\n<p>Regine Aeppli, G\u00fclcan Akkaya, Christine Beerli, Henry Both, Stefanie Brander, C\u00e9cile B\u00fchlmann, Marco Curti, Dominik Elser, Hans-Peter Fricker, Kurt Imhof (\u2020), Elisabeth Joris, Rolf Kipfer, Magdalena K\u00fcng, Ren\u00e8 Levy, Ueli M\u00e4der, Yves Partschefeld, Chasper Pult, Beat Rudin, Walter Schmid, Casper Selg, Hans St\u00f6ckli, Brigitte Studer, Urs W. Studer, Peter Uebersax, Roger de Weck, Daniel Woker.<\/p>\n<p>Direzione congiunta: Marco Curti e Magdalena K\u00fcng","protected":false},"excerpt":{"rendered":"<p>Il Club Helv\u00e9tique ha dieci anni \u2013 i primi tempi del secondo Club Helv\u00e9tique. Il \u201cClub Helv\u00e9tique\u201d ha compiuto i dieci anni nel 2016. E\u2019 nato dopo una lunga gestazione. Chi fa parte del Club Helv\u00e9tique? Regine Aeppli, G\u00fclcan Akkaya, Christine Beerli, Henry Both, Stefanie Brander, C\u00e9cile B\u00fchlmann, Marco Curti, Dominik Elser, Hans-Peter Fricker, Kurt&#8230;  <a class=\"excerpt-read-more\" href=\"https:\/\/clubhelvetique.ch\/it\/ueber-uns\/\" title=\"Read Chi siamo?\">Leggi tutto &raquo;<\/a><\/p>\n","protected":false},"author":1,"featured_media":0,"parent":0,"menu_order":20,"comment_status":"closed","ping_status":"closed","template":"","meta":[],"acf":[],"_links":{"self":[{"href":"https:\/\/clubhelvetique.ch\/it\/wp-json\/wp\/v2\/pages\/8"}],"collection":[{"href":"https:\/\/clubhelvetique.ch\/it\/wp-json\/wp\/v2\/pages"}],"about":[{"href":"https:\/\/clubhelvetique.ch\/it\/wp-json\/wp\/v2\/types\/page"}],"author":[{"embeddable":true,"href":"https:\/\/clubhelvetique.ch\/it\/wp-json\/wp\/v2\/users\/1"}],"replies":[{"embeddable":true,"href":"https:\/\/clubhelvetique.ch\/it\/wp-json\/wp\/v2\/comments?post=8"}],"version-history":[{"count":39,"href":"https:\/\/clubhelvetique.ch\/it\/wp-json\/wp\/v2\/pages\/8\/revisions"}],"predecessor-version":[{"id":14864,"href":"https:\/\/clubhelvetique.ch\/it\/wp-json\/wp\/v2\/pages\/8\/revisions\/14864"}],"wp:attachment":[{"href":"https:\/\/clubhelvetique.ch\/it\/wp-json\/wp\/v2\/media?parent=8"}],"curies":[{"name":"wp","href":"https:\/\/api.w.org\/{rel}","templated":true}]}}