{"id":14,"date":"2016-03-16T11:27:52","date_gmt":"2016-03-16T10:27:52","guid":{"rendered":"https:\/\/clubhelvetique.ch\/?page_id=14"},"modified":"2016-10-18T07:25:13","modified_gmt":"2016-10-18T05:25:13","slug":"ch-thesen","status":"publish","type":"page","link":"https:\/\/clubhelvetique.ch\/it\/ch-thesen\/","title":{"rendered":"Le nostre tesi"},"content":{"rendered":"<h2>Una concordanza per oggi e per il futuro:\u00a010 tesi del Club Helv\u00e9tique<\/h2>\n<p><strong>A. Fondamenti ed effetti della concordanza nel \u00abSonderfall\u00bb svizzero<br \/>\n<\/strong>1. La concordanza fa parte dell\u2019immagine repubblicana che la Svizzera si \u00e8 costruita nella sua storia. \u00c8 una competenza che il popolo svizzero ha acquisito a poco a poco, e che favorisce la coesione e lo sviluppo della Confederazione.<\/p>\n<p>2. La concordanza caratterizza la nostra cultura politica: i conflitti sono gestiti con flessibilit\u00e0 poich\u00e9 l\u2019avversario \u00e8 considerato rappresentante legittimo di argomentazioni e interessi diversi. La concordanza si affida a processi negoziali che esigono e favoriscono la conoscenza di tutte le posizioni in gioco.<\/p>\n<p>3. La cultura della concordanza ha prodotto istituzioni politiche in cui si negozia su argomentazioni e interessi diversi, per poi elaborare una soluzione intermedia. Gli organi governativi della Confederazione, dei Cantoni e dei Comuni funzionano secondo il principio della collegialit\u00e0, in base a cui -in Parlamento- le diverse forze politiche lavorano insieme. Procedure di consultazione extra o pre-parlamentari permettono inoltre a tutti i gruppi d\u2019interesse di presentare e difendere la propria causa. Le istituzioni politiche che dipendono dalla concordanza e allo stesso tempo le forniscono il suo quadro d\u2019azione hanno dimostrato tutto il loro valore.<\/p>\n<p>4. L\u2019idea fondamentale espressa dal secolo dei Lumi \u00e8 la ricerca del miglior argomento della Ragione. La democrazia della concordanza \u00e8 pi\u00f9 vicina a questo concetto rispetto alla democrazia dell\u2019alternanza, in cui governo e opposizione competono per ottenere la miglior visibilit\u00e0. La concordanza, per contro, stimola la disponibilit\u00e0 a mettersi nei panni dell\u2019altro e alla fine permette di prendere decisioni serene. La concorrenza pura, invece, rafforza la tendenza a movimenti e dibattiti politici carichi di simboli ed emotivit\u00e0.<\/p>\n<p>5. La concordanza incoraggia chi prende le decisioni ad essere affidabile e a mantenere le proprie promesse. Favorisce inoltre la pace sociale, tutte condizioni indispensabili al successo economico. La concordanza \u00e8 cos\u00ec uno dei pi\u00f9 importanti \u00ab atouts \u00bb della Svizzera nello scenario della competizione internazionale.<br \/>\n<strong>B. La concordanza in pericolo, e con essa il \u00abSonderfall\u00bb svizzero<\/strong><em><strong><br \/>\n<\/strong><\/em>6. Se la concordanza sparisse, la Svizzera ne pagherebbe un prezzo salatissimo. In una democrazia dell\u2019alternanza il dibatitto s\u2019impoverirebbe e diverrebbe puramente emotivo.<\/p>\n<p>7. L\u2019economia svizzera deve parte della sua competitivit\u00e0 proprio alla cultura della concordanza. Senza questo vantaggio le imprese si sentirebbero pi\u00f9 insicure, a causa di una politica meno prevedibile e di condizioni-quadro pi\u00f9 instabili.<\/p>\n<p>8. La cultura della concordanza \u00e8 minacciata da una parte dai mass-media, che personalizzano la politica fino all\u2019estremo e sono pi\u00f9 attenti al conflitto che alla ricerca del compromesso; dall\u2019altra dai politici, che adattano il loro messaggio e il loro stile a queste nuove forme di propaganda.<\/p>\n<p>9. Proprio il partito che si fa paladino delle tradizioni elvetiche \u00e8 lo stesso che si sta distaccando dalla tradizione della concordanza: l\u2019UDC preferisce soluzioni \u00abideologicamente pure\u00bb. Il mix di ostilit\u00e0 allo Stato e populismo che il partito esprime in modo radicale viene incontro alla domanda di personalizzazione e di conflitto che piace ai media.<\/p>\n<p>10. La democrazia all\u2019insegna della competizione non premia la misura ma l\u2019intransigenza. Un simile impoverimento del ruolo della politica impedisce che le decisioni vengano prese in nome della ragione e minaccia la pace sociale.<\/p>\n<p>La Svizzera ha di fronte a s\u00e8 un confronto sul tema della concordanza, in occasione delle elezioni federali del 2007.<br \/>\nIl Club Helv\u00e9tique prende dunque posizione a favore della democrazia della concordanza, che lascia spazio alla diversit\u00e0 nazionale, garantisce una politica orientata alle soluzioni pratiche, e incoraggia nel popolo \u2013 come nei politici \u2013 la volont\u00e0 di approfondire le proprie conoscenze.<\/p>\n<p><em>Club Helv\u00e9tique, Bienne, novembre 2006<\/em><\/p>\n<p><a href=\"https:\/\/clubhelvetique.ch\/wp-content\/uploads\/2016\/03\/10tesi.pdf\" target=\"_blank\" rel=\"\">Scarica<\/a>","protected":false},"excerpt":{"rendered":"<p>Una concordanza per oggi e per il futuro:\u00a010 tesi del Club Helv\u00e9tique A. Fondamenti ed effetti della concordanza nel \u00abSonderfall\u00bb svizzero 1. La concordanza fa parte dell\u2019immagine repubblicana che la Svizzera si \u00e8 costruita nella sua storia. \u00c8 una competenza che il popolo svizzero ha acquisito a poco a poco, e che favorisce la coesione&#8230;  <a class=\"excerpt-read-more\" href=\"https:\/\/clubhelvetique.ch\/it\/ch-thesen\/\" title=\"Read Le nostre tesi\">Leggi tutto &raquo;<\/a><\/p>\n","protected":false},"author":1,"featured_media":0,"parent":0,"menu_order":50,"comment_status":"closed","ping_status":"closed","template":"","meta":[],"acf":[],"_links":{"self":[{"href":"https:\/\/clubhelvetique.ch\/it\/wp-json\/wp\/v2\/pages\/14"}],"collection":[{"href":"https:\/\/clubhelvetique.ch\/it\/wp-json\/wp\/v2\/pages"}],"about":[{"href":"https:\/\/clubhelvetique.ch\/it\/wp-json\/wp\/v2\/types\/page"}],"author":[{"embeddable":true,"href":"https:\/\/clubhelvetique.ch\/it\/wp-json\/wp\/v2\/users\/1"}],"replies":[{"embeddable":true,"href":"https:\/\/clubhelvetique.ch\/it\/wp-json\/wp\/v2\/comments?post=14"}],"version-history":[{"count":0,"href":"https:\/\/clubhelvetique.ch\/it\/wp-json\/wp\/v2\/pages\/14\/revisions"}],"wp:attachment":[{"href":"https:\/\/clubhelvetique.ch\/it\/wp-json\/wp\/v2\/media?parent=14"}],"curies":[{"name":"wp","href":"https:\/\/api.w.org\/{rel}","templated":true}]}}