{"id":14,"date":"2016-03-16T11:27:52","date_gmt":"2016-03-16T10:27:52","guid":{"rendered":"https:\/\/clubhelvetique.ch\/?page_id=14"},"modified":"2016-10-18T07:25:13","modified_gmt":"2016-10-18T05:25:13","slug":"ch-thesen","status":"publish","type":"page","link":"https:\/\/clubhelvetique.ch\/fr\/ch-thesen\/","title":{"rendered":"Nos th\u00e8ses"},"content":{"rendered":"<h2>Une concordance pour aujourd\u2019hui et demain:\u00a010 th\u00e8ses du Club Helv\u00e9tique<\/h2>\n<p><strong>Fondements et effets de la concordance dans le \u00abSonderfall\u00bb suisse<br \/>\n<\/strong>1. La concordance fait partie de l\u2019image r\u00e9publicaine que la Suisse s\u2019est construite d\u2019elle-m\u00eame par son histoire. La concordance est une comp\u00e9tence que le peuple suisse a acquise peu \u00e0 peu et qui favorise la coh\u00e9sion et le d\u00e9veloppement de la Conf\u00e9d\u00e9ration.<\/p>\n<p>2. La concordance empreint notre culture politique\u00a0: les conflits sont g\u00e9r\u00e9s avec souplesse car l\u2019adversaire est consid\u00e9r\u00e9 comme le repr\u00e9sentant l\u00e9gitime d\u2019arguments et d\u2019int\u00e9r\u00eats. La concordance mise ainsi sur des processus de n\u00e9gociation qui exigent et favorisent la connaissance de toutes les positions.<\/p>\n<p>3. La culture de la concordance a produit des institutions politiques o\u00f9 arguments et int\u00e9r\u00eats sont n\u00e9goci\u00e9s et rassembl\u00e9s. Les gouvernements de la Conf\u00e9d\u00e9ration, des cantons et des communes fonctionnent selon le principe de la coll\u00e9gialit\u00e9. Au parlement, les diff\u00e9rentes forces en pr\u00e9sence travaillent ensemble. Des proc\u00e9dures de consulation extra- ou pr\u00e9-parlementaires permettent \u00e0 tous les groupes d\u2019int\u00e9r\u00eat de pr\u00e9senter et de d\u00e9fendre leurs causes. Les institutions politiques, qui d\u00e9pendent de la concordance et lui fournissent en m\u00eame temps son cadre, ont prouv\u00e9 toute leur valeur.<\/p>\n<p>4. L\u2019id\u00e9e fondamentale des Lumi\u00e8res est la recherche du meilleur argument de la Raison. La d\u00e9mocratie de concordance en est plus proche que la d\u00e9mocratie d\u2019alternance o\u00f9 gouvernement et opposition sont en comp\u00e9tition pour la meilleure image. La concordance \u00e9veille la disponibilit\u00e9 \u00e0 apprendre et permet une prise de d\u00e9cisions sereines. Tandis que la concurrence pure renforce la tendance \u00e0 des politiques charg\u00e9es de symboles et d\u2019\u00e9motions.<\/p>\n<p>5. La concordance encourage les d\u00e9cideurs \u00e0 \u00eatre fiables, \u00e0 tenir leurs engagements. Elle favorise la paix sociale. Ce sont les conditions du succ\u00e8s \u00e9conomique. La concordance est ainsi l\u2019un des plus importants atouts de la Suisse dans la comp\u00e9tition mondiale.<\/p>\n<p><strong>La concordance en danger, le \u00abSonderfall\u00bb suisse en danger<em><br \/>\n<\/em><\/strong>6. Si la concordance dispara\u00eet, la Suisse en paiera le prix fort. Dans une d\u00e9mocratie d&rsquo;alternance, le d\u00e9bat s\u2019appauvrira et deviendra purement \u00e9motionnel.<\/p>\n<p>7. L\u2019\u00e9conomie suisse doit une part sa comp\u00e9titivit\u00e9 \u00e0 la culture de la concordance. Sans cet avantage, les entreprises seront d\u00e9s\u00e9curis\u00e9s par une politique moins pr\u00e9visible et des conditions cadres plus instables.<\/p>\n<p>8. La culture de la concordance est menac\u00e9e d&rsquo;un c\u00f4t\u00e9 par les m\u00e9dias qui personnalisent jusqu&rsquo;au bout le politique et qui sont plus attentifs au conflit qu\u2019\u00e0 la recherche de compromis\u00a0; et de l&rsquo;autre par des politiciens et politiciennes qui adaptent leur message et leur style \u00e0 ces nouvelles formes de propagande.<\/p>\n<p>9. Le parti qui se r\u00e9clame le plus de la tradition suisse est celui-la m\u00eame qui se d\u00e9tourne de la tradition de la concordance: l\u2019UDC pr\u00e9f\u00e8re les solutions \u00ab\u00a0id\u00e9ologiquement pures\u00a0\u00bb. Le m\u00e9lange d\u2019hostilit\u00e9 \u00e0 l\u2019Etat et de populisme qu&rsquo;elle exprime d&rsquo;une fa\u00e7on radicale flatte cette demande de personnalisation et de conflit qui pla\u00eet aux m\u00e9dias.<\/p>\n<p>10. La d\u00e9mocratie de pure comp\u00e9tition ne r\u00e9compense pas la mesure mais l\u2019intransigeance. Pareille r\u00e9duction de la politique va \u00e0 l\u2019encontre de d\u00e9cisions prises au nom de la raison. Elle menace la paix sociale.<br \/>\nLa Suisse va au devant d\u2019une confrontation autour de la concordance, notamment \u00e0 l\u2019occasion des \u00e9lections f\u00e9d\u00e9rales de 2007. Le Club Helv\u00e9tique prend position pour la d\u00e9mocratie de concordance, qui laisse la place \u00e0 la diversit\u00e9 nationale, qui garantit une politique orient\u00e9e vers les solutions pratiques et qui encourage dans le peuple autant que chez les politiciens la volont\u00e9 d\u2019apprendre.<\/p>\n<p><em>Club Helv\u00e9tique, Bienne, novembre 2006<\/em><\/p>\n<p><a href=\"https:\/\/clubhelvetique.ch\/wp-content\/uploads\/2016\/03\/10theses.pdf\" target=\"_blank\" rel=\"\">T\u00e9l\u00e9charger<\/a>","protected":false},"excerpt":{"rendered":"<p>Une concordance pour aujourd\u2019hui et demain:\u00a010 th\u00e8ses du Club Helv\u00e9tique Fondements et effets de la concordance dans le \u00abSonderfall\u00bb suisse 1. La concordance fait partie de l\u2019image r\u00e9publicaine que la Suisse s\u2019est construite d\u2019elle-m\u00eame par son histoire. La concordance est une comp\u00e9tence que le peuple suisse a acquise peu \u00e0 peu et qui favorise la&#8230;  <a class=\"excerpt-read-more\" href=\"https:\/\/clubhelvetique.ch\/fr\/ch-thesen\/\" title=\"LireNos th\u00e8ses\">Lire la suite &raquo;<\/a><\/p>\n","protected":false},"author":1,"featured_media":0,"parent":0,"menu_order":50,"comment_status":"closed","ping_status":"closed","template":"","meta":[],"acf":[],"_links":{"self":[{"href":"https:\/\/clubhelvetique.ch\/fr\/wp-json\/wp\/v2\/pages\/14"}],"collection":[{"href":"https:\/\/clubhelvetique.ch\/fr\/wp-json\/wp\/v2\/pages"}],"about":[{"href":"https:\/\/clubhelvetique.ch\/fr\/wp-json\/wp\/v2\/types\/page"}],"author":[{"embeddable":true,"href":"https:\/\/clubhelvetique.ch\/fr\/wp-json\/wp\/v2\/users\/1"}],"replies":[{"embeddable":true,"href":"https:\/\/clubhelvetique.ch\/fr\/wp-json\/wp\/v2\/comments?post=14"}],"version-history":[{"count":0,"href":"https:\/\/clubhelvetique.ch\/fr\/wp-json\/wp\/v2\/pages\/14\/revisions"}],"wp:attachment":[{"href":"https:\/\/clubhelvetique.ch\/fr\/wp-json\/wp\/v2\/media?parent=14"}],"curies":[{"name":"wp","href":"https:\/\/api.w.org\/{rel}","templated":true}]}}